{"id":6060,"date":"2025-09-01T10:48:22","date_gmt":"2025-09-01T10:48:22","guid":{"rendered":"https:\/\/www.salescodeai.com\/politica-de-privacidad\/"},"modified":"2026-01-06T13:08:08","modified_gmt":"2026-01-06T13:08:08","slug":"politica-de-privacidad","status":"publish","type":"page","link":"https:\/\/salescode.ai\/es\/politica-de-privacidad\/","title":{"rendered":"Pol\u00edtica de privacidad"},"content":{"rendered":"\n<div class=\"wp-block-uagb-container ww-cplr-mob ww-section-padding-top ww-section-padding-bottom ww-site-bg-primary-2 uagb-block-13201ffd alignfull uagb-is-root-container\"><div class=\"uagb-container-inner-blocks-wrap\">\n<div class=\"wp-block-uagb-advanced-heading uagb-block-11af5958 ww-sed\"><h2 class=\"uagb-heading-text\">Pol\u00edtica de privacidad<\/h2><\/div>\n<\/div><\/div>\n\n<div class=\"wp-block-uagb-container ww-section-margin-top ww-section-margin-bottom ww-cplr-mob uagb-block-57b51e4f alignfull uagb-is-root-container\"><div class=\"uagb-container-inner-blocks-wrap\">\n<p>Applicate IT Solutions Pvt. Ltd. cre\u00f3 la aplicaci\u00f3n Sellina, Channelkart, TEEM como una aplicaci\u00f3n y soluci\u00f3n comercial. Applicate IT Solutions Pvt. Ltd. proporciona estos SERVICIOS y su uso est\u00e1 previsto tal cual.   <\/p>\n\n\n\n<p>Esta p\u00e1gina se utiliza para informar a los visitantes sobre nuestras pol\u00edticas con respecto a la recopilaci\u00f3n, el uso y la divulgaci\u00f3n de informaci\u00f3n personal si alguien decide utilizar nuestro Servicio.<\/p>\n\n\n\n<p>Si elige utilizar nuestro Servicio, acepta la recopilaci\u00f3n y el uso de informaci\u00f3n en relaci\u00f3n con esta pol\u00edtica. La informaci\u00f3n personal que recopilamos se utiliza para proporcionar y mejorar el Servicio. No utilizaremos ni compartiremos su informaci\u00f3n con nadie, excepto como se describe en esta Pol\u00edtica de privacidad.  <\/p>\n\n\n\n<p>Los t\u00e9rminos utilizados en esta Pol\u00edtica de privacidad tienen los mismos significados que en nuestros T\u00e9rminos y condiciones, a los que se puede acceder en las aplicaciones Sellina, Channelkart, TEEM y en <strong><a href=\"https:\/\/salescode.ai\/\">www.salescode.ai<\/a><\/strong>, a menos que se definan de otro modo en esta Pol\u00edtica de privacidad.<\/p>\n\n\n\n<h3 class=\"wp-block-heading\">\u00a0<\/h3>\n\n\n\n<figure class=\"wp-block-table\"><table class=\"has-fixed-layout\"><thead><tr><th>NOMBRE DEL PROYECTO<\/th><th>NOMBRE DE LA APLICACI\u00d3N<\/th><th>NOMBRE DEL DESARROLLADOR DE ANDROID<\/th><th>NOMBRE DEL DESARROLLADOR DE iOS<\/th><\/tr><\/thead><tbody><tr><td><strong>COKE BUDDY \u2013 HCCB<\/strong><\/td><td>Coke Buddy para HCCB<\/td><td>HCCB<\/td><td>Snehadeep Vikram<\/td><\/tr><tr><td><strong>COKE BUDDY \u2013 LBPL<\/strong><\/td><td>Coke Buddy \u2013 ludhiana beverages<\/td><td>Ludhiana beverages pvt ltd<\/td><td>Snehadeep Vikram<\/td><\/tr><tr><td><strong>COKE BUDDY \u2013 MOON<\/strong><\/td><td>Coke Buddy \u2013 MOON BEVERAGES<\/td><td>Moon beverages ltd<\/td><td>Snehadeep Vikram<\/td><\/tr><tr><td><strong>COKE BUDDY \u2013 KBPL<\/strong><\/td><td>Coke Buddy \u2013 KBL<\/td><td>Kandhari beverages pvt ltd<\/td><td>Snehadeep Vikram<\/td><\/tr><tr><td><strong>COKE BUDDY \u2013 SLMG<\/strong><\/td><td>Coke Buddy \u2013 SLMG<\/td><td>SLMG beverages pvt ltd<\/td><td>Snehadeep Vikram<\/td><\/tr><tr><td><strong>COKE BUDDY \u2013 DBPL<\/strong><\/td><td>Coke Buddy- Diamond beverages<\/td><td>CokeBuddy DBPL<\/td><td>Snehadeep Vikram<\/td><\/tr><tr><td><strong>COKE BUDDY \u2013 NP<\/strong><\/td><td>Coke Buddy Nepal<\/td><td>CB_BNL<\/td><td>Snehadeep Vikram<\/td><\/tr><tr><td><strong>COKE BUDDY \u2013 MM<\/strong><\/td><td>Coke Buddy Myanmar<\/td><td>CCPBM<\/td><td>Snehadeep Vikram<\/td><\/tr><tr><td><strong>COKE BUDDY \u2013 SLK<\/strong><\/td><td>Coke Buddy Sri Lanka<\/td><td>CCBSL<\/td><td>Snehadeep Vikram<\/td><\/tr><tr><td><strong>COKE BUDDY \u2013 PH<\/strong><\/td><td>AlingCora<\/td><td>CCBPI<\/td><td>Snehadeep Vikram<\/td><\/tr><tr><td><strong>COKE BUDDY \u2013 MY<\/strong><\/td><td>Coke Buddy \u2013 CCRM<\/td><td>Coke Buddy<\/td><td>Snehadeep Vikram<\/td><\/tr><tr><td><strong>COKE BUDDY \u2013 SG<\/strong><\/td><td>Coke Buddy \u2013 CCSB<\/td><td>Coke Buddy<\/td><td>Snehadeep Vikram<\/td><\/tr><tr><td><strong>JNJ<\/strong><\/td><td>Sales AI-PH<\/td><td>Applicate IT solutions pvt ltd<\/td><td>No disponible en iOS<\/td><\/tr><tr><td><strong>MARS \u2013 TH<\/strong><\/td><td>Sellina for Mars<\/td><td>Applicate IT solutions pvt ltd<\/td><td>Snehadeep Vikram<\/td><\/tr><tr><td><strong>MARS \u2013 IT<\/strong><\/td><td>Sellina<\/td><td>Applicate IT solutions pvt ltd<\/td><td>Snehadeep Vikram<\/td><\/tr><tr><td><strong>MARS \u2013 IN<\/strong><\/td><td>Sellina for Mars<\/td><td>Applicate IT solutions pvt ltd<\/td><td>Snehadeep Vikram<\/td><\/tr><tr><td><strong>MARS \u2013 SAMP<\/strong><\/td><td>WeR4Pets<\/td><td>Applicate IT solutions pvt ltd<\/td><td>Snehadeep Vikram<\/td><\/tr><tr><td><strong>ITC \u2013 VISTAAR<\/strong><\/td><td>Vistaar<\/td><td>Applicate IT solutions pvt ltd<\/td><td>No disponible en iOS<\/td><\/tr><tr><td><strong>ITC \u2013 UNNATI<\/strong><\/td><td>UNNATI \u2013 Solicitar productos de ITC<\/td><td>Applicate IT solutions pvt ltd<\/td><td>No disponible en iOS<\/td><\/tr><tr><td><strong>BATA<\/strong><\/td><td>B-one<\/td><td>Applicate IT solutions pvt ltd<\/td><td>Snehadeep Vikram<\/td><\/tr><tr><td><strong>SWIRE<\/strong><\/td><td>Dat Hang coke<\/td><td>CCBV<\/td><td>Snehadeep Vikram<\/td><\/tr><tr><td><strong>DABUR<\/strong><\/td><td>YO dabur<\/td><td>Applicate IT solutions pvt ltd<\/td><td>Snehadeep Vikram<\/td><\/tr><tr><td><strong>PLADIS<\/strong><\/td><td>Pladis OTS IN<\/td><td>Pladis global<\/td><td>No disponible en iOS<\/td><\/tr><\/tbody><\/table><\/figure>\n\n\n\n<p>Las siguientes aplicaciones est\u00e1n sujetas a esta pol\u00edtica de privacidad.<\/p>\n\n\n\n<h3 class=\"wp-block-heading\"><strong>Recopilaci\u00f3n y uso de informaci\u00f3n<\/strong><\/h3>\n\n\n\n<p>Para una mejor experiencia, al utilizar nuestro Servicio, es posible que le solicitemos que nos proporcione cierta informaci\u00f3n de identificaci\u00f3n personal, incluidos, entre otros, las coordenadas GPS, el nombre de usuario, la informaci\u00f3n de SMS para la lectura autom\u00e1tica de OTP. Esto se obtiene despu\u00e9s de la aceptaci\u00f3n por parte de las empresas de los usuarios finales para satisfacer sus requisitos. La informaci\u00f3n que solicitamos se conservar\u00e1 en su dispositivo y solo Salescode la recopilar\u00e1 con su permiso y el permiso de su organizaci\u00f3n si han solicitado una funci\u00f3n que requiera estos datos.  <\/p>\n\n\n\n<h3 class=\"wp-block-heading\"><strong>Datos de registro<\/strong><\/h3>\n\n\n\n<p>Queremos informarle de que, siempre que utilice nuestras aplicaciones o servicio, en caso de error en la aplicaci\u00f3n, recopilamos datos e informaci\u00f3n (a trav\u00e9s de productos de terceros) en su tel\u00e9fono llamados Datos de registro. Estos datos de registro pueden incluir informaci\u00f3n como el nombre de su dispositivo, la versi\u00f3n del sistema operativo, la configuraci\u00f3n de la aplicaci\u00f3n al utilizar nuestro Servicio, la hora y fecha de su uso del Servicio y otras estad\u00edsticas. <\/p>\n\n\n\n<h3 class=\"wp-block-heading\"><strong>Cookies<\/strong><\/h3>\n\n\n\n<p>Las cookies son archivos con una peque\u00f1a cantidad de datos que se utilizan com\u00fanmente como identificadores \u00fanicos an\u00f3nimos. Estos se env\u00edan a su navegador desde los sitios web que visita y se almacenan en la memoria interna de su dispositivo. <\/p>\n\n\n\n<p>Este Servicio utiliza estas \u201ccookies\u201d en algunos lugares para almacenar datos no personales, como si ha aceptado nuestros t\u00e9rminos y condiciones. Tiene la opci\u00f3n de aceptar o rechazar estas cookies y saber cu\u00e1ndo se env\u00eda una cookie a su dispositivo. Si elige rechazar nuestras cookies, es posible que no pueda utilizar algunas partes de este Servicio.  <\/p>\n\n\n\n<h3 class=\"wp-block-heading\"><strong>Proveedores de servicio<\/strong><\/h3>\n\n\n\n<p>Podemos contratar a empresas y personas de terceros debido a las siguientes razones:<\/p>\n\n\n\n<ul class=\"wp-block-list\">\n<li>Para facilitar nuestro Servicio;<\/li>\n\n\n\n<li>Para proporcionar el Servicio en nuestro nombre;<\/li>\n\n\n\n<li>Para realizar servicios relacionados con el Servicio; o<\/li>\n\n\n\n<li>Para ayudarnos a analizar c\u00f3mo se utiliza nuestro Servicio.<\/li>\n<\/ul>\n\n\n\n<p>Queremos informar a los usuarios de este Servicio de que estos terceros, aparte de nuestros proveedores de la nube, no tienen acceso a su Informaci\u00f3n personal. La raz\u00f3n es realizar las tareas que se les asignan en nuestro nombre. Sin embargo, est\u00e1n obligados a no divulgar ni utilizar la informaci\u00f3n para ning\u00fan otro prop\u00f3sito.  <\/p>\n\n\n\n<h3 class=\"wp-block-heading\"><strong>Seguridad<\/strong><\/h3>\n\n\n\n<p>Valoramos su confianza al proporcionarnos su Informaci\u00f3n personal, por lo que nos esforzamos por utilizar medios comercialmente aceptables para protegerla. Pero recuerde que ning\u00fan m\u00e9todo de transmisi\u00f3n a trav\u00e9s de Internet o m\u00e9todo de almacenamiento electr\u00f3nico es 100% seguro y confiable, y no podemos garantizar su seguridad absoluta. <\/p>\n\n\n\n<h3 class=\"wp-block-heading\"><strong>Enlaces a otros sitios<\/strong><\/h3>\n\n\n\n<p>Este Servicio puede contener enlaces a otros sitios o fuentes. Si hace clic en un enlace de terceros, se le dirigir\u00e1 a ese sitio. Tenga en cuenta que estos sitios externos no son operados por nosotros. Por lo tanto, le recomendamos encarecidamente que revise la Pol\u00edtica de privacidad de estos sitios web. No tenemos control ni asumimos ninguna responsabilidad por el contenido, las pol\u00edticas de privacidad o las pr\u00e1cticas de los sitios o servicios de terceros.    <\/p>\n\n\n\n<h3 class=\"wp-block-heading\"><strong>Privacidad de los ni\u00f1os<\/strong><\/h3>\n\n\n\n<p>Estos Servicios no est\u00e1n dirigidos a ninguna persona menor de 13 a\u00f1os, ya que nuestros servicios no son relevantes para los ni\u00f1os. No recopilamos conscientemente informaci\u00f3n de identificaci\u00f3n personal de ni\u00f1os menores de 13 a\u00f1os. <\/p>\n\n\n\n<h3 class=\"wp-block-heading\"><strong>Cambios en esta Pol\u00edtica de privacidad<\/strong><\/h3>\n\n\n\n<p>Es posible que actualicemos nuestra Pol\u00edtica de privacidad de vez en cuando. Por lo tanto, se le recomienda que revise esta p\u00e1gina peri\u00f3dicamente para detectar cualquier cambio. Le notificaremos cualquier cambio publicando la nueva Pol\u00edtica de privacidad en esta p\u00e1gina.  <\/p>\n\n\n\n<p>Esta pol\u00edtica entra en vigor a partir del 22-12-2018<\/p>\n\n\n\n<h3 class=\"wp-block-heading\"><strong>DigiVyapar<\/strong><\/h3>\n\n\n\n<p>Digivyapar es una aplicaci\u00f3n m\u00f3vil de vanguardia dise\u00f1ada para capacitar a los minoristas al cerrar la brecha entre el comercio en l\u00ednea y fuera de l\u00ednea. Con una interfaz perfecta y una pl\u00e9tora de funciones dise\u00f1adas para mejorar la experiencia minorista, Digivyapar est\u00e1 configurado para transformar la forma en que los minoristas obtienen productos, se conectan con los consumidores y agilizan sus operaciones. <\/p>\n\n\n\n<h3 class=\"wp-block-heading\"><strong>P\u00f3ngase en contacto con nosotros<\/strong><\/h3>\n\n\n\n<p>Si tiene alguna pregunta o sugerencia sobre nuestra Pol\u00edtica de privacidad, no dude en <strong> <a href=\"https:\/\/salescode.ai\/contact-us\/\">ponerse en contacto con nosotros<\/a><\/strong>.<\/p>\n<\/div><\/div>\n","protected":false},"excerpt":{"rendered":"<p>Pol\u00edtica de privacidad Applicate IT Solutions Pvt. Ltd. cre\u00f3 la aplicaci\u00f3n Sellina, Channelkart, TEEM como una aplicaci\u00f3n y soluci\u00f3n comercial. [&hellip;]<\/p>\n","protected":false},"author":1,"featured_media":12358,"parent":0,"menu_order":0,"comment_status":"closed","ping_status":"open","template":"","meta":{"content-type":"","_uag_custom_page_level_css":"","site-sidebar-layout":"default","site-content-layout":"","ast-site-content-layout":"full-width-container","site-content-style":"boxed","site-sidebar-style":"default","ast-global-header-display":"","ast-banner-title-visibility":"disabled","ast-main-header-display":"","ast-hfb-above-header-display":"","ast-hfb-below-header-display":"","ast-hfb-mobile-header-display":"","site-post-title":"","ast-breadcrumbs-content":"","ast-featured-img":"","footer-sml-layout":"","ast-disable-related-posts":"","theme-transparent-header-meta":"disabled","adv-header-id-meta":"","stick-header-meta":"","header-above-stick-meta":"","header-main-stick-meta":"","header-below-stick-meta":"","astra-migrate-meta-layouts":"default","ast-page-background-enabled":"default","ast-page-background-meta":{"desktop":{"background-color":"","background-image":"","background-repeat":"repeat","background-position":"center center","background-size":"auto","background-attachment":"scroll","background-type":"","background-media":"","overlay-type":"","overlay-color":"","overlay-opacity":"","overlay-gradient":""},"tablet":{"background-color":"","background-image":"","background-repeat":"repeat","background-position":"center center","background-size":"auto","background-attachment":"scroll","background-type":"","background-media":"","overlay-type":"","overlay-color":"","overlay-opacity":"","overlay-gradient":""},"mobile":{"background-color":"","background-image":"","background-repeat":"repeat","background-position":"center center","background-size":"auto","background-attachment":"scroll","background-type":"","background-media":"","overlay-type":"","overlay-color":"","overlay-opacity":"","overlay-gradient":""}},"ast-content-background-meta":{"desktop":{"background-color":"var(--ast-global-color-5)","background-image":"","background-repeat":"repeat","background-position":"center center","background-size":"auto","background-attachment":"scroll","background-type":"","background-media":"","overlay-type":"","overlay-color":"","overlay-opacity":"","overlay-gradient":""},"tablet":{"background-color":"var(--ast-global-color-5)","background-image":"","background-repeat":"repeat","background-position":"center center","background-size":"auto","background-attachment":"scroll","background-type":"","background-media":"","overlay-type":"","overlay-color":"","overlay-opacity":"","overlay-gradient":""},"mobile":{"background-color":"var(--ast-global-color-5)","background-image":"","background-repeat":"repeat","background-position":"center center","background-size":"auto","background-attachment":"scroll","background-type":"","background-media":"","overlay-type":"","overlay-color":"","overlay-opacity":"","overlay-gradient":""}},"footnotes":""},"class_list":["post-6060","page","type-page","status-publish","has-post-thumbnail","hentry"],"yoast_head":"<!-- This site is optimized with the Yoast SEO plugin v27.2 - https:\/\/yoast.com\/product\/yoast-seo-wordpress\/ -->\n<title>Pol\u00edtica de privacidad - SalesCode<\/title>\n<meta name=\"robots\" content=\"index, follow, max-snippet:-1, max-image-preview:large, max-video-preview:-1\" \/>\n<link rel=\"canonical\" href=\"https:\/\/salescode.ai\/es\/politica-de-privacidad\/\" \/>\n<meta property=\"og:locale\" content=\"es_ES\" \/>\n<meta property=\"og:type\" content=\"article\" \/>\n<meta property=\"og:title\" content=\"Pol\u00edtica de privacidad - SalesCode\" \/>\n<meta property=\"og:description\" content=\"Pol\u00edtica de privacidad Applicate IT Solutions Pvt. Ltd. cre\u00f3 la aplicaci\u00f3n Sellina, Channelkart, TEEM como una aplicaci\u00f3n y soluci\u00f3n comercial. [&hellip;]\" \/>\n<meta property=\"og:url\" content=\"https:\/\/salescode.ai\/es\/politica-de-privacidad\/\" \/>\n<meta property=\"og:site_name\" content=\"SalesCode\" \/>\n<meta property=\"article:modified_time\" content=\"2026-01-06T13:08:08+00:00\" \/>\n<meta property=\"og:image\" content=\"https:\/\/salescode.ai\/wp-content\/uploads\/2026\/01\/privacy-policy-sheet-comp.jpg\" \/>\n\t<meta property=\"og:image:width\" content=\"2292\" \/>\n\t<meta property=\"og:image:height\" content=\"1628\" \/>\n\t<meta property=\"og:image:type\" content=\"image\/jpeg\" \/>\n<meta name=\"twitter:card\" content=\"summary_large_image\" \/>\n<meta name=\"twitter:label1\" content=\"Tiempo de lectura\" \/>\n\t<meta name=\"twitter:data1\" content=\"6 minutos\" \/>\n<script type=\"application\/ld+json\" class=\"yoast-schema-graph\">{\"@context\":\"https:\/\/schema.org\",\"@graph\":[{\"@type\":\"WebPage\",\"@id\":\"https:\/\/salescode.ai\/es\/politica-de-privacidad\/\",\"url\":\"https:\/\/salescode.ai\/es\/politica-de-privacidad\/\",\"name\":\"Pol\u00edtica de privacidad - SalesCode\",\"isPartOf\":{\"@id\":\"https:\/\/salescode.ai\/es\/#website\"},\"primaryImageOfPage\":{\"@id\":\"https:\/\/salescode.ai\/es\/politica-de-privacidad\/#primaryimage\"},\"image\":{\"@id\":\"https:\/\/salescode.ai\/es\/politica-de-privacidad\/#primaryimage\"},\"thumbnailUrl\":\"https:\/\/salescode.ai\/wp-content\/uploads\/2026\/01\/privacy-policy-sheet-comp.jpg\",\"datePublished\":\"2025-09-01T10:48:22+00:00\",\"dateModified\":\"2026-01-06T13:08:08+00:00\",\"breadcrumb\":{\"@id\":\"https:\/\/salescode.ai\/es\/politica-de-privacidad\/#breadcrumb\"},\"inLanguage\":\"es\",\"potentialAction\":[{\"@type\":\"ReadAction\",\"target\":[\"https:\/\/salescode.ai\/es\/politica-de-privacidad\/\"]}]},{\"@type\":\"ImageObject\",\"inLanguage\":\"es\",\"@id\":\"https:\/\/salescode.ai\/es\/politica-de-privacidad\/#primaryimage\",\"url\":\"https:\/\/salescode.ai\/wp-content\/uploads\/2026\/01\/privacy-policy-sheet-comp.jpg\",\"contentUrl\":\"https:\/\/salescode.ai\/wp-content\/uploads\/2026\/01\/privacy-policy-sheet-comp.jpg\",\"width\":2292,\"height\":1628},{\"@type\":\"BreadcrumbList\",\"@id\":\"https:\/\/salescode.ai\/es\/politica-de-privacidad\/#breadcrumb\",\"itemListElement\":[{\"@type\":\"ListItem\",\"position\":1,\"name\":\"Home\",\"item\":\"https:\/\/salescode.ai\/es\/\"},{\"@type\":\"ListItem\",\"position\":2,\"name\":\"Pol\u00edtica de privacidad\"}]},{\"@type\":\"WebSite\",\"@id\":\"https:\/\/salescode.ai\/es\/#website\",\"url\":\"https:\/\/salescode.ai\/es\/\",\"name\":\"SalesCode\",\"description\":\"AI for Sales, eB2B and NextGen SFA for CPG Sales\",\"publisher\":{\"@id\":\"https:\/\/salescode.ai\/es\/#organization\"},\"potentialAction\":[{\"@type\":\"SearchAction\",\"target\":{\"@type\":\"EntryPoint\",\"urlTemplate\":\"https:\/\/salescode.ai\/es\/?s={search_term_string}\"},\"query-input\":{\"@type\":\"PropertyValueSpecification\",\"valueRequired\":true,\"valueName\":\"search_term_string\"}}],\"inLanguage\":\"es\"},{\"@type\":\"Organization\",\"@id\":\"https:\/\/salescode.ai\/es\/#organization\",\"name\":\"SalesCode\",\"url\":\"https:\/\/salescode.ai\/es\/\",\"logo\":{\"@type\":\"ImageObject\",\"inLanguage\":\"es\",\"@id\":\"https:\/\/salescode.ai\/es\/#\/schema\/logo\/image\/\",\"url\":\"https:\/\/salescode.ai\/wp-content\/uploads\/2025\/09\/logo_1.svg\",\"contentUrl\":\"https:\/\/salescode.ai\/wp-content\/uploads\/2025\/09\/logo_1.svg\",\"caption\":\"SalesCode\"},\"image\":{\"@id\":\"https:\/\/salescode.ai\/es\/#\/schema\/logo\/image\/\"}}]}<\/script>\n<!-- \/ Yoast SEO plugin. -->","yoast_head_json":{"title":"Pol\u00edtica de privacidad - SalesCode","robots":{"index":"index","follow":"follow","max-snippet":"max-snippet:-1","max-image-preview":"max-image-preview:large","max-video-preview":"max-video-preview:-1"},"canonical":"https:\/\/salescode.ai\/es\/politica-de-privacidad\/","og_locale":"es_ES","og_type":"article","og_title":"Pol\u00edtica de privacidad - SalesCode","og_description":"Pol\u00edtica de privacidad Applicate IT Solutions Pvt. Ltd. cre\u00f3 la aplicaci\u00f3n Sellina, Channelkart, TEEM como una aplicaci\u00f3n y soluci\u00f3n comercial. [&hellip;]","og_url":"https:\/\/salescode.ai\/es\/politica-de-privacidad\/","og_site_name":"SalesCode","article_modified_time":"2026-01-06T13:08:08+00:00","og_image":[{"width":2292,"height":1628,"url":"https:\/\/salescode.ai\/wp-content\/uploads\/2026\/01\/privacy-policy-sheet-comp.jpg","type":"image\/jpeg"}],"twitter_card":"summary_large_image","twitter_misc":{"Tiempo de lectura":"6 minutos"},"schema":{"@context":"https:\/\/schema.org","@graph":[{"@type":"WebPage","@id":"https:\/\/salescode.ai\/es\/politica-de-privacidad\/","url":"https:\/\/salescode.ai\/es\/politica-de-privacidad\/","name":"Pol\u00edtica de privacidad - SalesCode","isPartOf":{"@id":"https:\/\/salescode.ai\/es\/#website"},"primaryImageOfPage":{"@id":"https:\/\/salescode.ai\/es\/politica-de-privacidad\/#primaryimage"},"image":{"@id":"https:\/\/salescode.ai\/es\/politica-de-privacidad\/#primaryimage"},"thumbnailUrl":"https:\/\/salescode.ai\/wp-content\/uploads\/2026\/01\/privacy-policy-sheet-comp.jpg","datePublished":"2025-09-01T10:48:22+00:00","dateModified":"2026-01-06T13:08:08+00:00","breadcrumb":{"@id":"https:\/\/salescode.ai\/es\/politica-de-privacidad\/#breadcrumb"},"inLanguage":"es","potentialAction":[{"@type":"ReadAction","target":["https:\/\/salescode.ai\/es\/politica-de-privacidad\/"]}]},{"@type":"ImageObject","inLanguage":"es","@id":"https:\/\/salescode.ai\/es\/politica-de-privacidad\/#primaryimage","url":"https:\/\/salescode.ai\/wp-content\/uploads\/2026\/01\/privacy-policy-sheet-comp.jpg","contentUrl":"https:\/\/salescode.ai\/wp-content\/uploads\/2026\/01\/privacy-policy-sheet-comp.jpg","width":2292,"height":1628},{"@type":"BreadcrumbList","@id":"https:\/\/salescode.ai\/es\/politica-de-privacidad\/#breadcrumb","itemListElement":[{"@type":"ListItem","position":1,"name":"Home","item":"https:\/\/salescode.ai\/es\/"},{"@type":"ListItem","position":2,"name":"Pol\u00edtica de privacidad"}]},{"@type":"WebSite","@id":"https:\/\/salescode.ai\/es\/#website","url":"https:\/\/salescode.ai\/es\/","name":"SalesCode","description":"AI for Sales, eB2B and NextGen SFA for CPG Sales","publisher":{"@id":"https:\/\/salescode.ai\/es\/#organization"},"potentialAction":[{"@type":"SearchAction","target":{"@type":"EntryPoint","urlTemplate":"https:\/\/salescode.ai\/es\/?s={search_term_string}"},"query-input":{"@type":"PropertyValueSpecification","valueRequired":true,"valueName":"search_term_string"}}],"inLanguage":"es"},{"@type":"Organization","@id":"https:\/\/salescode.ai\/es\/#organization","name":"SalesCode","url":"https:\/\/salescode.ai\/es\/","logo":{"@type":"ImageObject","inLanguage":"es","@id":"https:\/\/salescode.ai\/es\/#\/schema\/logo\/image\/","url":"https:\/\/salescode.ai\/wp-content\/uploads\/2025\/09\/logo_1.svg","contentUrl":"https:\/\/salescode.ai\/wp-content\/uploads\/2025\/09\/logo_1.svg","caption":"SalesCode"},"image":{"@id":"https:\/\/salescode.ai\/es\/#\/schema\/logo\/image\/"}}]}},"uagb_featured_image_src":{"full":["https:\/\/salescode.ai\/wp-content\/uploads\/2026\/01\/privacy-policy-sheet-comp.jpg",2292,1628,false],"thumbnail":["https:\/\/salescode.ai\/wp-content\/uploads\/2026\/01\/privacy-policy-sheet-comp-150x107.jpg",150,107,true],"medium":["https:\/\/salescode.ai\/wp-content\/uploads\/2026\/01\/privacy-policy-sheet-comp-300x213.jpg",300,213,true],"medium_large":["https:\/\/salescode.ai\/wp-content\/uploads\/2026\/01\/privacy-policy-sheet-comp-768x546.jpg",768,546,true],"large":["https:\/\/salescode.ai\/wp-content\/uploads\/2026\/01\/privacy-policy-sheet-comp.jpg",2292,1628,false],"1536x1536":["https:\/\/salescode.ai\/wp-content\/uploads\/2026\/01\/privacy-policy-sheet-comp-1536x1091.jpg",1536,1091,true],"2048x2048":["https:\/\/salescode.ai\/wp-content\/uploads\/2026\/01\/privacy-policy-sheet-comp-2048x1455.jpg",2048,1455,true]},"uagb_author_info":{"display_name":"salescode","author_link":"https:\/\/salescode.ai\/es\/author\/salescode\/"},"uagb_comment_info":0,"uagb_excerpt":"Pol\u00edtica de privacidad Applicate IT Solutions Pvt. Ltd. cre\u00f3 la aplicaci\u00f3n Sellina, Channelkart, TEEM como una aplicaci\u00f3n y soluci\u00f3n comercial. [&hellip;]","_links":{"self":[{"href":"https:\/\/salescode.ai\/es\/wp-json\/wp\/v2\/pages\/6060","targetHints":{"allow":["GET"]}}],"collection":[{"href":"https:\/\/salescode.ai\/es\/wp-json\/wp\/v2\/pages"}],"about":[{"href":"https:\/\/salescode.ai\/es\/wp-json\/wp\/v2\/types\/page"}],"author":[{"embeddable":true,"href":"https:\/\/salescode.ai\/es\/wp-json\/wp\/v2\/users\/1"}],"replies":[{"embeddable":true,"href":"https:\/\/salescode.ai\/es\/wp-json\/wp\/v2\/comments?post=6060"}],"version-history":[{"count":0,"href":"https:\/\/salescode.ai\/es\/wp-json\/wp\/v2\/pages\/6060\/revisions"}],"wp:featuredmedia":[{"embeddable":true,"href":"https:\/\/salescode.ai\/es\/wp-json\/wp\/v2\/media\/12358"}],"wp:attachment":[{"href":"https:\/\/salescode.ai\/es\/wp-json\/wp\/v2\/media?parent=6060"}],"curies":[{"name":"wp","href":"https:\/\/api.w.org\/{rel}","templated":true}]}}