{"id":6114,"date":"2025-09-01T10:48:22","date_gmt":"2025-09-01T10:48:22","guid":{"rendered":"https:\/\/www.salescodeai.com\/politica-de-privacidade\/"},"modified":"2026-01-06T13:08:08","modified_gmt":"2026-01-06T13:08:08","slug":"politica-de-privacidade","status":"publish","type":"page","link":"https:\/\/salescode.ai\/pt-pt\/politica-de-privacidade\/","title":{"rendered":"Pol\u00edtica de Privacidade"},"content":{"rendered":"\n<div class=\"wp-block-uagb-container ww-cplr-mob ww-section-padding-top ww-section-padding-bottom ww-site-bg-primary-2 uagb-block-13201ffd alignfull uagb-is-root-container\"><div class=\"uagb-container-inner-blocks-wrap\">\n<div class=\"wp-block-uagb-advanced-heading uagb-block-11af5958 ww-sed\"><h2 class=\"uagb-heading-text\">Pol\u00edtica de Privacidade<\/h2><\/div>\n<\/div><\/div>\n\n<div class=\"wp-block-uagb-container ww-section-margin-top ww-section-margin-bottom ww-cplr-mob uagb-block-57b51e4f alignfull uagb-is-root-container\"><div class=\"uagb-container-inner-blocks-wrap\">\n<p>A Applicate IT Solutions Pvt. Ltd. desenvolveu a aplica\u00e7\u00e3o Sellina, Channelkart, TEEM como uma aplica\u00e7\u00e3o e solu\u00e7\u00e3o comercial. Estes SERVI\u00c7OS s\u00e3o fornecidos pela Applicate IT Solutions Pvt. Ltd. e destinam-se a ser utilizados tal como est\u00e3o.   <\/p>\n\n\n\n<p>Esta p\u00e1gina \u00e9 utilizada para informar os visitantes sobre as nossas pol\u00edticas de recolha, utiliza\u00e7\u00e3o e divulga\u00e7\u00e3o de Informa\u00e7\u00f5es Pessoais, caso algu\u00e9m decida utilizar o nosso Servi\u00e7o.<\/p>\n\n\n\n<p>Se optar por utilizar o nosso Servi\u00e7o, concorda com a recolha e utiliza\u00e7\u00e3o de informa\u00e7\u00f5es em rela\u00e7\u00e3o a esta pol\u00edtica. As Informa\u00e7\u00f5es Pessoais que recolhemos s\u00e3o utilizadas para fornecer e melhorar o Servi\u00e7o. N\u00e3o utilizaremos nem partilharemos as suas informa\u00e7\u00f5es com ningu\u00e9m, exceto conforme descrito nesta Pol\u00edtica de Privacidade.  <\/p>\n\n\n\n<p>Os termos utilizados nesta Pol\u00edtica de Privacidade t\u00eam os mesmos significados que nos nossos Termos e condi\u00e7\u00f5es, que est\u00e3o acess\u00edveis nas aplica\u00e7\u00f5es Sellina, Channelkart, TEEM e <strong><a href=\"https:\/\/salescode.ai\/\">www.salescode.ai<\/a><\/strong>, salvo defini\u00e7\u00e3o em contr\u00e1rio nesta Pol\u00edtica de Privacidade.<\/p>\n\n\n\n<h3 class=\"wp-block-heading\">\u00a0<\/h3>\n\n\n\n<figure class=\"wp-block-table\"><table class=\"has-fixed-layout\"><thead><tr><th>NOME DO PROJETO<\/th><th>NOME DA APLICA\u00c7\u00c3O<\/th><th>NOME DO PROGRAMADOR ANDROID<\/th><th>NOME DO PROGRAMADOR iOS<\/th><\/tr><\/thead><tbody><tr><td><strong>COKE BUDDY \u2013 HCCB<\/strong><\/td><td>Coke Buddy for HCCB<\/td><td>HCCB<\/td><td>Snehadeep Vikram<\/td><\/tr><tr><td><strong>COKE BUDDY \u2013 LBPL<\/strong><\/td><td>Coke Buddy \u2013 ludhiana beverages<\/td><td>Ludhiana beverages pvt ltd<\/td><td>Snehadeep Vikram<\/td><\/tr><tr><td><strong>COKE BUDDY \u2013 MOON<\/strong><\/td><td>Coke Buddy \u2013 MOON BEVERAGES<\/td><td>Moon beverages ltd<\/td><td>Snehadeep Vikram<\/td><\/tr><tr><td><strong>COKE BUDDY \u2013 KBPL<\/strong><\/td><td>Coke Buddy \u2013 KBL<\/td><td>Kandhari beverages pvt ltd<\/td><td>Snehadeep Vikram<\/td><\/tr><tr><td><strong>COKE BUDDY \u2013 SLMG<\/strong><\/td><td>Coke Buddy \u2013 SLMG<\/td><td>SLMG beverages pvt ltd<\/td><td>Snehadeep Vikram<\/td><\/tr><tr><td><strong>COKE BUDDY \u2013 DBPL<\/strong><\/td><td>Coke Buddy- Diamond beverages<\/td><td>CokeBuddy DBPL<\/td><td>Snehadeep Vikram<\/td><\/tr><tr><td><strong>COKE BUDDY \u2013 NP<\/strong><\/td><td>Coke Buddy Nepal<\/td><td>CB_BNL<\/td><td>Snehadeep Vikram<\/td><\/tr><tr><td><strong>COKE BUDDY \u2013 MM<\/strong><\/td><td>Coke Buddy Myanmar<\/td><td>CCPBM<\/td><td>Snehadeep Vikram<\/td><\/tr><tr><td><strong>COKE BUDDY \u2013 SLK<\/strong><\/td><td>Coke Buddy Sri Lanka<\/td><td>CCBSL<\/td><td>Snehadeep Vikram<\/td><\/tr><tr><td><strong>COKE BUDDY \u2013 PH<\/strong><\/td><td>AlingCora<\/td><td>CCBPI<\/td><td>Snehadeep Vikram<\/td><\/tr><tr><td><strong>COKE BUDDY \u2013 MY<\/strong><\/td><td>Coke Buddy \u2013 CCRM<\/td><td>Coke Buddy<\/td><td>Snehadeep Vikram<\/td><\/tr><tr><td><strong>COKE BUDDY \u2013 SG<\/strong><\/td><td>Coke Buddy \u2013 CCSB<\/td><td>Coke Buddy<\/td><td>Snehadeep Vikram<\/td><\/tr><tr><td><strong>JNJ<\/strong><\/td><td>Sales AI-PH<\/td><td>Applicate IT solutions pvt ltd<\/td><td>N\u00e3o dispon\u00edvel para iOS<\/td><\/tr><tr><td><strong>MARS \u2013 TH<\/strong><\/td><td>Sellina for Mars<\/td><td>Applicate IT solutions pvt ltd<\/td><td>Snehadeep Vikram<\/td><\/tr><tr><td><strong>MARS \u2013 IT<\/strong><\/td><td>Sellina<\/td><td>Applicate IT solutions pvt ltd<\/td><td>Snehadeep Vikram<\/td><\/tr><tr><td><strong>MARS \u2013 IN<\/strong><\/td><td>Sellina for Mars<\/td><td>Applicate IT solutions pvt ltd<\/td><td>Snehadeep Vikram<\/td><\/tr><tr><td><strong>MARS \u2013 SAMP<\/strong><\/td><td>WeR4Pets<\/td><td>Applicate IT solutions pvt ltd<\/td><td>Snehadeep Vikram<\/td><\/tr><tr><td><strong>ITC \u2013 VISTAAR<\/strong><\/td><td>Vistaar<\/td><td>Applicate IT solutions pvt ltd<\/td><td>N\u00e3o dispon\u00edvel para iOS<\/td><\/tr><tr><td><strong>ITC \u2013 UNNATI<\/strong><\/td><td>UNNATI \u2013 Order ITC products<\/td><td>Applicate IT solutions pvt ltd<\/td><td>N\u00e3o dispon\u00edvel para iOS<\/td><\/tr><tr><td><strong>BATA<\/strong><\/td><td>B-one<\/td><td>Applicate IT solutions pvt ltd<\/td><td>Snehadeep Vikram<\/td><\/tr><tr><td><strong>SWIRE<\/strong><\/td><td>Dat Hang coke<\/td><td>CCBV<\/td><td>Snehadeep Vikram<\/td><\/tr><tr><td><strong>DABUR<\/strong><\/td><td>YO dabur<\/td><td>Applicate IT solutions pvt ltd<\/td><td>Snehadeep Vikram<\/td><\/tr><tr><td><strong>PLADIS<\/strong><\/td><td>Pladis OTS IN<\/td><td>Pladis global<\/td><td>N\u00e3o dispon\u00edvel para iOS<\/td><\/tr><\/tbody><\/table><\/figure>\n\n\n\n<p>As seguintes aplica\u00e7\u00f5es est\u00e3o sujeitas a esta pol\u00edtica de privacidade.<\/p>\n\n\n\n<h3 class=\"wp-block-heading\"><strong>Recolha e utiliza\u00e7\u00e3o de informa\u00e7\u00f5es<\/strong><\/h3>\n\n\n\n<p>Para uma melhor experi\u00eancia, durante a utiliza\u00e7\u00e3o do nosso Servi\u00e7o, poderemos solicitar que nos forne\u00e7a determinadas informa\u00e7\u00f5es de identifica\u00e7\u00e3o pessoal, incluindo, mas n\u00e3o se limitando a, coordenadas GPS, nome de utilizador, informa\u00e7\u00f5es de SMS para leitura autom\u00e1tica de OTP. Estas s\u00e3o obtidas ap\u00f3s aceita\u00e7\u00e3o por parte das empresas utilizadoras finais para atender aos seus requisitos. As informa\u00e7\u00f5es que solicitamos ser\u00e3o mantidas no seu dispositivo e s\u00f3 ser\u00e3o recolhidas pela Salescode com a sua permiss\u00e3o e a permiss\u00e3o da sua organiza\u00e7\u00e3o, caso tenham solicitado uma funcionalidade que requeira estes dados.  <\/p>\n\n\n\n<h3 class=\"wp-block-heading\"><strong>Dados de Registo<\/strong><\/h3>\n\n\n\n<p>Queremos inform\u00e1-lo de que sempre que utiliza as nossas aplica\u00e7\u00f5es ou servi\u00e7o, em caso de erro na aplica\u00e7\u00e3o, recolhemos dados e informa\u00e7\u00f5es (atrav\u00e9s de produtos de terceiros) no seu telefone denominados Dados de Registo. Estes Dados de Registo podem incluir informa\u00e7\u00f5es como o nome do seu dispositivo, vers\u00e3o do sistema operativo, a configura\u00e7\u00e3o da aplica\u00e7\u00e3o ao utilizar o nosso Servi\u00e7o, a hora e data da sua utiliza\u00e7\u00e3o do Servi\u00e7o e outras estat\u00edsticas. <\/p>\n\n\n\n<h3 class=\"wp-block-heading\"><strong>Cookies<\/strong><\/h3>\n\n\n\n<p>Os cookies s\u00e3o ficheiros com uma pequena quantidade de dados que s\u00e3o normalmente utilizados como identificadores \u00fanicos an\u00f3nimos. Estes s\u00e3o enviados para o seu navegador a partir dos websites que visita e s\u00e3o armazenados na mem\u00f3ria interna do seu dispositivo. <\/p>\n\n\n\n<p>Este Servi\u00e7o utiliza estes &#8220;cookies&#8221; em alguns locais para armazenar dados n\u00e3o pessoais, como se concordou com os nossos termos e condi\u00e7\u00f5es. Tem a op\u00e7\u00e3o de aceitar ou recusar estes cookies e saber quando um cookie est\u00e1 a ser enviado para o seu dispositivo. Se optar por recusar os nossos cookies, poder\u00e1 n\u00e3o conseguir utilizar algumas partes deste Servi\u00e7o.  <\/p>\n\n\n\n<h3 class=\"wp-block-heading\"><strong>Prestadores de servi\u00e7os<\/strong><\/h3>\n\n\n\n<p>PODEMOS contratar empresas e indiv\u00edduos terceiros pelos seguintes motivos:<\/p>\n\n\n\n<ul class=\"wp-block-list\">\n<li>Para facilitar o nosso Servi\u00e7o;<\/li>\n\n\n\n<li>Para fornecer o Servi\u00e7o em nosso nome;<\/li>\n\n\n\n<li>Para executar servi\u00e7os relacionados com o Servi\u00e7o; ou<\/li>\n\n\n\n<li>Para nos ajudar a analisar como o nosso Servi\u00e7o \u00e9 utilizado.<\/li>\n<\/ul>\n\n\n\n<p>Queremos informar os utilizadores deste Servi\u00e7o que estes terceiros, al\u00e9m dos nossos fornecedores de cloud, n\u00e3o t\u00eam acesso \u00e0s suas Informa\u00e7\u00f5es Pessoais. O motivo \u00e9 executar as tarefas que lhes s\u00e3o atribu\u00eddas em nosso nome. No entanto, s\u00e3o obrigados a n\u00e3o divulgar ou utilizar as informa\u00e7\u00f5es para qualquer outro fim.  <\/p>\n\n\n\n<h3 class=\"wp-block-heading\"><strong>Seguran\u00e7a<\/strong><\/h3>\n\n\n\n<p>Valorizamos a sua confian\u00e7a ao fornecer-nos as suas Informa\u00e7\u00f5es Pessoais, por isso esfor\u00e7amo-nos por utilizar meios comercialmente aceit\u00e1veis para as proteger. Mas lembre-se que nenhum m\u00e9todo de transmiss\u00e3o pela internet, ou m\u00e9todo de armazenamento eletr\u00f3nico \u00e9 100% seguro e fi\u00e1vel, e n\u00e3o podemos garantir a sua seguran\u00e7a absoluta. <\/p>\n\n\n\n<h3 class=\"wp-block-heading\"><strong>Liga\u00e7\u00f5es para outros sites<\/strong><\/h3>\n\n\n\n<p>Este Servi\u00e7o pode conter liga\u00e7\u00f5es para outros sites ou fontes. Se clicar numa liga\u00e7\u00e3o de terceiros, ser\u00e1 direcionado para esse site. Note que estes sites externos n\u00e3o s\u00e3o operados por n\u00f3s. Por isso, aconselhamos vivamente a rever a Pol\u00edtica de Privacidade destes websites. N\u00e3o temos controlo sobre e n\u00e3o assumimos qualquer responsabilidade pelo conte\u00fado, pol\u00edticas de privacidade ou pr\u00e1ticas de quaisquer sites ou servi\u00e7os de terceiros.    <\/p>\n\n\n\n<h3 class=\"wp-block-heading\"><strong>Privacidade das crian\u00e7as<\/strong><\/h3>\n\n\n\n<p>Estes Servi\u00e7os n\u00e3o se dirigem a menores de 13 anos, pois os nossos servi\u00e7os n\u00e3o s\u00e3o relevantes para crian\u00e7as. N\u00e3o recolhemos intencionalmente informa\u00e7\u00f5es de identifica\u00e7\u00e3o pessoal de crian\u00e7as com menos de 13 anos. <\/p>\n\n\n\n<h3 class=\"wp-block-heading\"><strong>Altera\u00e7\u00f5es a esta Pol\u00edtica de Privacidade<\/strong><\/h3>\n\n\n\n<p>Podemos atualizar a nossa Pol\u00edtica de Privacidade periodicamente. Assim, aconselhamos a consultar esta p\u00e1gina periodicamente para verificar quaisquer altera\u00e7\u00f5es. IREMOS notific\u00e1-lo de quaisquer altera\u00e7\u00f5es publicando a nova Pol\u00edtica de Privacidade nesta p\u00e1gina.  <\/p>\n\n\n\n<p>Esta pol\u00edtica est\u00e1 em vigor desde 22-12-2018<\/p>\n\n\n\n<h3 class=\"wp-block-heading\"><strong>DigiVyapar<\/strong><\/h3>\n\n\n\n<p>O Digivyapar \u00e9 uma aplica\u00e7\u00e3o m\u00f3vel de vanguarda concebida para capacitar os retalhistas, eliminando a lacuna entre o com\u00e9rcio online e offline. Com uma interface fluida e uma infinidade de funcionalidades adaptadas para melhorar a experi\u00eancia de retalho, o Digivyapar est\u00e1 preparado para transformar a forma como os retalhistas obt\u00eam produtos, se ligam aos consumidores e otimizam as suas opera\u00e7\u00f5es. <\/p>\n\n\n\n<h3 class=\"wp-block-heading\"><strong>Contacte-nos<\/strong><\/h3>\n\n\n\n<p>Se tiver alguma quest\u00e3o ou sugest\u00e3o sobre a nossa Pol\u00edtica de Privacidade, n\u00e3o hesite em <strong><a href=\"https:\/\/salescode.ai\/contact-us\/\">contactar-nos<\/a><\/strong>.<\/p>\n<\/div><\/div>\n","protected":false},"excerpt":{"rendered":"<p>Pol\u00edtica de Privacidade A Applicate IT Solutions Pvt. Ltd. desenvolveu a aplica\u00e7\u00e3o Sellina, Channelkart, TEEM como uma aplica\u00e7\u00e3o e solu\u00e7\u00e3o [&hellip;]<\/p>\n","protected":false},"author":1,"featured_media":12357,"parent":0,"menu_order":0,"comment_status":"closed","ping_status":"open","template":"","meta":{"content-type":"","_uag_custom_page_level_css":"","site-sidebar-layout":"default","site-content-layout":"","ast-site-content-layout":"full-width-container","site-content-style":"boxed","site-sidebar-style":"default","ast-global-header-display":"","ast-banner-title-visibility":"disabled","ast-main-header-display":"","ast-hfb-above-header-display":"","ast-hfb-below-header-display":"","ast-hfb-mobile-header-display":"","site-post-title":"","ast-breadcrumbs-content":"","ast-featured-img":"","footer-sml-layout":"","ast-disable-related-posts":"","theme-transparent-header-meta":"disabled","adv-header-id-meta":"","stick-header-meta":"","header-above-stick-meta":"","header-main-stick-meta":"","header-below-stick-meta":"","astra-migrate-meta-layouts":"default","ast-page-background-enabled":"default","ast-page-background-meta":{"desktop":{"background-color":"","background-image":"","background-repeat":"repeat","background-position":"center center","background-size":"auto","background-attachment":"scroll","background-type":"","background-media":"","overlay-type":"","overlay-color":"","overlay-opacity":"","overlay-gradient":""},"tablet":{"background-color":"","background-image":"","background-repeat":"repeat","background-position":"center center","background-size":"auto","background-attachment":"scroll","background-type":"","background-media":"","overlay-type":"","overlay-color":"","overlay-opacity":"","overlay-gradient":""},"mobile":{"background-color":"","background-image":"","background-repeat":"repeat","background-position":"center center","background-size":"auto","background-attachment":"scroll","background-type":"","background-media":"","overlay-type":"","overlay-color":"","overlay-opacity":"","overlay-gradient":""}},"ast-content-background-meta":{"desktop":{"background-color":"var(--ast-global-color-5)","background-image":"","background-repeat":"repeat","background-position":"center center","background-size":"auto","background-attachment":"scroll","background-type":"","background-media":"","overlay-type":"","overlay-color":"","overlay-opacity":"","overlay-gradient":""},"tablet":{"background-color":"var(--ast-global-color-5)","background-image":"","background-repeat":"repeat","background-position":"center center","background-size":"auto","background-attachment":"scroll","background-type":"","background-media":"","overlay-type":"","overlay-color":"","overlay-opacity":"","overlay-gradient":""},"mobile":{"background-color":"var(--ast-global-color-5)","background-image":"","background-repeat":"repeat","background-position":"center center","background-size":"auto","background-attachment":"scroll","background-type":"","background-media":"","overlay-type":"","overlay-color":"","overlay-opacity":"","overlay-gradient":""}},"footnotes":""},"class_list":["post-6114","page","type-page","status-publish","has-post-thumbnail","hentry"],"yoast_head":"<!-- This site is optimized with the Yoast SEO plugin v27.4 - https:\/\/yoast.com\/product\/yoast-seo-wordpress\/ -->\n<title>Pol\u00edtica de Privacidade - SalesCode<\/title>\n<meta name=\"robots\" content=\"index, follow, max-snippet:-1, max-image-preview:large, max-video-preview:-1\" \/>\n<link rel=\"canonical\" href=\"https:\/\/salescode.ai\/pt-pt\/politica-de-privacidade\/\" \/>\n<meta property=\"og:locale\" content=\"pt_PT\" \/>\n<meta property=\"og:type\" content=\"article\" \/>\n<meta property=\"og:title\" content=\"Pol\u00edtica de Privacidade - SalesCode\" \/>\n<meta property=\"og:description\" content=\"Pol\u00edtica de Privacidade A Applicate IT Solutions Pvt. Ltd. desenvolveu a aplica\u00e7\u00e3o Sellina, Channelkart, TEEM como uma aplica\u00e7\u00e3o e solu\u00e7\u00e3o [&hellip;]\" \/>\n<meta property=\"og:url\" content=\"https:\/\/salescode.ai\/pt-pt\/politica-de-privacidade\/\" \/>\n<meta property=\"og:site_name\" content=\"SalesCode\" \/>\n<meta property=\"article:modified_time\" content=\"2026-01-06T13:08:08+00:00\" \/>\n<meta property=\"og:image\" content=\"https:\/\/salescode.ai\/wp-content\/uploads\/2026\/01\/privacy-policy-sheet-comp.jpg\" \/>\n\t<meta property=\"og:image:width\" content=\"2292\" \/>\n\t<meta property=\"og:image:height\" content=\"1628\" \/>\n\t<meta property=\"og:image:type\" content=\"image\/jpeg\" \/>\n<meta name=\"twitter:card\" content=\"summary_large_image\" \/>\n<meta name=\"twitter:label1\" content=\"Tempo estimado de leitura\" \/>\n\t<meta name=\"twitter:data1\" content=\"6 minutos\" \/>\n<script type=\"application\/ld+json\" class=\"yoast-schema-graph\">{\"@context\":\"https:\\\/\\\/schema.org\",\"@graph\":[{\"@type\":\"WebPage\",\"@id\":\"https:\\\/\\\/salescode.ai\\\/pt-pt\\\/politica-de-privacidade\\\/\",\"url\":\"https:\\\/\\\/salescode.ai\\\/pt-pt\\\/politica-de-privacidade\\\/\",\"name\":\"Pol\u00edtica de Privacidade - SalesCode\",\"isPartOf\":{\"@id\":\"https:\\\/\\\/salescode.ai\\\/pt-pt\\\/#website\"},\"primaryImageOfPage\":{\"@id\":\"https:\\\/\\\/salescode.ai\\\/pt-pt\\\/politica-de-privacidade\\\/#primaryimage\"},\"image\":{\"@id\":\"https:\\\/\\\/salescode.ai\\\/pt-pt\\\/politica-de-privacidade\\\/#primaryimage\"},\"thumbnailUrl\":\"https:\\\/\\\/salescode.ai\\\/wp-content\\\/uploads\\\/2026\\\/01\\\/privacy-policy-sheet-comp.jpg\",\"datePublished\":\"2025-09-01T10:48:22+00:00\",\"dateModified\":\"2026-01-06T13:08:08+00:00\",\"breadcrumb\":{\"@id\":\"https:\\\/\\\/salescode.ai\\\/pt-pt\\\/politica-de-privacidade\\\/#breadcrumb\"},\"inLanguage\":\"pt-PT\",\"potentialAction\":[{\"@type\":\"ReadAction\",\"target\":[\"https:\\\/\\\/salescode.ai\\\/pt-pt\\\/politica-de-privacidade\\\/\"]}]},{\"@type\":\"ImageObject\",\"inLanguage\":\"pt-PT\",\"@id\":\"https:\\\/\\\/salescode.ai\\\/pt-pt\\\/politica-de-privacidade\\\/#primaryimage\",\"url\":\"https:\\\/\\\/salescode.ai\\\/wp-content\\\/uploads\\\/2026\\\/01\\\/privacy-policy-sheet-comp.jpg\",\"contentUrl\":\"https:\\\/\\\/salescode.ai\\\/wp-content\\\/uploads\\\/2026\\\/01\\\/privacy-policy-sheet-comp.jpg\",\"width\":2292,\"height\":1628},{\"@type\":\"BreadcrumbList\",\"@id\":\"https:\\\/\\\/salescode.ai\\\/pt-pt\\\/politica-de-privacidade\\\/#breadcrumb\",\"itemListElement\":[{\"@type\":\"ListItem\",\"position\":1,\"name\":\"Home\",\"item\":\"https:\\\/\\\/salescode.ai\\\/pt-pt\\\/\"},{\"@type\":\"ListItem\",\"position\":2,\"name\":\"Pol\u00edtica de Privacidade\"}]},{\"@type\":\"WebSite\",\"@id\":\"https:\\\/\\\/salescode.ai\\\/pt-pt\\\/#website\",\"url\":\"https:\\\/\\\/salescode.ai\\\/pt-pt\\\/\",\"name\":\"SalesCode\",\"description\":\"AI for Sales, eB2B and NextGen SFA for CPG Sales\",\"publisher\":{\"@id\":\"https:\\\/\\\/salescode.ai\\\/pt-pt\\\/#organization\"},\"potentialAction\":[{\"@type\":\"SearchAction\",\"target\":{\"@type\":\"EntryPoint\",\"urlTemplate\":\"https:\\\/\\\/salescode.ai\\\/pt-pt\\\/?s={search_term_string}\"},\"query-input\":{\"@type\":\"PropertyValueSpecification\",\"valueRequired\":true,\"valueName\":\"search_term_string\"}}],\"inLanguage\":\"pt-PT\"},{\"@type\":\"Organization\",\"@id\":\"https:\\\/\\\/salescode.ai\\\/pt-pt\\\/#organization\",\"name\":\"SalesCode\",\"url\":\"https:\\\/\\\/salescode.ai\\\/pt-pt\\\/\",\"logo\":{\"@type\":\"ImageObject\",\"inLanguage\":\"pt-PT\",\"@id\":\"https:\\\/\\\/salescode.ai\\\/pt-pt\\\/#\\\/schema\\\/logo\\\/image\\\/\",\"url\":\"https:\\\/\\\/salescode.ai\\\/wp-content\\\/uploads\\\/2025\\\/09\\\/logo_1.svg\",\"contentUrl\":\"https:\\\/\\\/salescode.ai\\\/wp-content\\\/uploads\\\/2025\\\/09\\\/logo_1.svg\",\"caption\":\"SalesCode\"},\"image\":{\"@id\":\"https:\\\/\\\/salescode.ai\\\/pt-pt\\\/#\\\/schema\\\/logo\\\/image\\\/\"}}]}<\/script>\n<!-- \/ Yoast SEO plugin. -->","yoast_head_json":{"title":"Pol\u00edtica de Privacidade - SalesCode","robots":{"index":"index","follow":"follow","max-snippet":"max-snippet:-1","max-image-preview":"max-image-preview:large","max-video-preview":"max-video-preview:-1"},"canonical":"https:\/\/salescode.ai\/pt-pt\/politica-de-privacidade\/","og_locale":"pt_PT","og_type":"article","og_title":"Pol\u00edtica de Privacidade - SalesCode","og_description":"Pol\u00edtica de Privacidade A Applicate IT Solutions Pvt. Ltd. desenvolveu a aplica\u00e7\u00e3o Sellina, Channelkart, TEEM como uma aplica\u00e7\u00e3o e solu\u00e7\u00e3o [&hellip;]","og_url":"https:\/\/salescode.ai\/pt-pt\/politica-de-privacidade\/","og_site_name":"SalesCode","article_modified_time":"2026-01-06T13:08:08+00:00","og_image":[{"width":2292,"height":1628,"url":"https:\/\/salescode.ai\/wp-content\/uploads\/2026\/01\/privacy-policy-sheet-comp.jpg","type":"image\/jpeg"}],"twitter_card":"summary_large_image","twitter_misc":{"Tempo estimado de leitura":"6 minutos"},"schema":{"@context":"https:\/\/schema.org","@graph":[{"@type":"WebPage","@id":"https:\/\/salescode.ai\/pt-pt\/politica-de-privacidade\/","url":"https:\/\/salescode.ai\/pt-pt\/politica-de-privacidade\/","name":"Pol\u00edtica de Privacidade - SalesCode","isPartOf":{"@id":"https:\/\/salescode.ai\/pt-pt\/#website"},"primaryImageOfPage":{"@id":"https:\/\/salescode.ai\/pt-pt\/politica-de-privacidade\/#primaryimage"},"image":{"@id":"https:\/\/salescode.ai\/pt-pt\/politica-de-privacidade\/#primaryimage"},"thumbnailUrl":"https:\/\/salescode.ai\/wp-content\/uploads\/2026\/01\/privacy-policy-sheet-comp.jpg","datePublished":"2025-09-01T10:48:22+00:00","dateModified":"2026-01-06T13:08:08+00:00","breadcrumb":{"@id":"https:\/\/salescode.ai\/pt-pt\/politica-de-privacidade\/#breadcrumb"},"inLanguage":"pt-PT","potentialAction":[{"@type":"ReadAction","target":["https:\/\/salescode.ai\/pt-pt\/politica-de-privacidade\/"]}]},{"@type":"ImageObject","inLanguage":"pt-PT","@id":"https:\/\/salescode.ai\/pt-pt\/politica-de-privacidade\/#primaryimage","url":"https:\/\/salescode.ai\/wp-content\/uploads\/2026\/01\/privacy-policy-sheet-comp.jpg","contentUrl":"https:\/\/salescode.ai\/wp-content\/uploads\/2026\/01\/privacy-policy-sheet-comp.jpg","width":2292,"height":1628},{"@type":"BreadcrumbList","@id":"https:\/\/salescode.ai\/pt-pt\/politica-de-privacidade\/#breadcrumb","itemListElement":[{"@type":"ListItem","position":1,"name":"Home","item":"https:\/\/salescode.ai\/pt-pt\/"},{"@type":"ListItem","position":2,"name":"Pol\u00edtica de Privacidade"}]},{"@type":"WebSite","@id":"https:\/\/salescode.ai\/pt-pt\/#website","url":"https:\/\/salescode.ai\/pt-pt\/","name":"SalesCode","description":"AI for Sales, eB2B and NextGen SFA for CPG Sales","publisher":{"@id":"https:\/\/salescode.ai\/pt-pt\/#organization"},"potentialAction":[{"@type":"SearchAction","target":{"@type":"EntryPoint","urlTemplate":"https:\/\/salescode.ai\/pt-pt\/?s={search_term_string}"},"query-input":{"@type":"PropertyValueSpecification","valueRequired":true,"valueName":"search_term_string"}}],"inLanguage":"pt-PT"},{"@type":"Organization","@id":"https:\/\/salescode.ai\/pt-pt\/#organization","name":"SalesCode","url":"https:\/\/salescode.ai\/pt-pt\/","logo":{"@type":"ImageObject","inLanguage":"pt-PT","@id":"https:\/\/salescode.ai\/pt-pt\/#\/schema\/logo\/image\/","url":"https:\/\/salescode.ai\/wp-content\/uploads\/2025\/09\/logo_1.svg","contentUrl":"https:\/\/salescode.ai\/wp-content\/uploads\/2025\/09\/logo_1.svg","caption":"SalesCode"},"image":{"@id":"https:\/\/salescode.ai\/pt-pt\/#\/schema\/logo\/image\/"}}]}},"uagb_featured_image_src":{"full":["https:\/\/salescode.ai\/wp-content\/uploads\/2026\/01\/privacy-policy-sheet-comp.jpg",2292,1628,false],"thumbnail":["https:\/\/salescode.ai\/wp-content\/uploads\/2026\/01\/privacy-policy-sheet-comp-150x107.jpg",150,107,true],"medium":["https:\/\/salescode.ai\/wp-content\/uploads\/2026\/01\/privacy-policy-sheet-comp-300x213.jpg",300,213,true],"medium_large":["https:\/\/salescode.ai\/wp-content\/uploads\/2026\/01\/privacy-policy-sheet-comp-768x546.jpg",768,546,true],"large":["https:\/\/salescode.ai\/wp-content\/uploads\/2026\/01\/privacy-policy-sheet-comp.jpg",2292,1628,false],"1536x1536":["https:\/\/salescode.ai\/wp-content\/uploads\/2026\/01\/privacy-policy-sheet-comp-1536x1091.jpg",1536,1091,true],"2048x2048":["https:\/\/salescode.ai\/wp-content\/uploads\/2026\/01\/privacy-policy-sheet-comp-2048x1455.jpg",2048,1455,true]},"uagb_author_info":{"display_name":"salescode","author_link":"https:\/\/salescode.ai\/pt-pt\/author\/salescode\/"},"uagb_comment_info":0,"uagb_excerpt":"Pol\u00edtica de Privacidade A Applicate IT Solutions Pvt. Ltd. desenvolveu a aplica\u00e7\u00e3o Sellina, Channelkart, TEEM como uma aplica\u00e7\u00e3o e solu\u00e7\u00e3o [&hellip;]","_links":{"self":[{"href":"https:\/\/salescode.ai\/pt-pt\/wp-json\/wp\/v2\/pages\/6114","targetHints":{"allow":["GET"]}}],"collection":[{"href":"https:\/\/salescode.ai\/pt-pt\/wp-json\/wp\/v2\/pages"}],"about":[{"href":"https:\/\/salescode.ai\/pt-pt\/wp-json\/wp\/v2\/types\/page"}],"author":[{"embeddable":true,"href":"https:\/\/salescode.ai\/pt-pt\/wp-json\/wp\/v2\/users\/1"}],"replies":[{"embeddable":true,"href":"https:\/\/salescode.ai\/pt-pt\/wp-json\/wp\/v2\/comments?post=6114"}],"version-history":[{"count":0,"href":"https:\/\/salescode.ai\/pt-pt\/wp-json\/wp\/v2\/pages\/6114\/revisions"}],"wp:featuredmedia":[{"embeddable":true,"href":"https:\/\/salescode.ai\/pt-pt\/wp-json\/wp\/v2\/media\/12357"}],"wp:attachment":[{"href":"https:\/\/salescode.ai\/pt-pt\/wp-json\/wp\/v2\/media?parent=6114"}],"curies":[{"name":"wp","href":"https:\/\/api.w.org\/{rel}","templated":true}]}}